{"id":8,"date":"2021-04-01T03:21:24","date_gmt":"2021-04-01T03:21:24","guid":{"rendered":"https:\/\/jaibabrava.com\/?page_id=8"},"modified":"2021-04-16T20:28:29","modified_gmt":"2021-04-16T20:28:29","slug":"sobre-nosotros","status":"publish","type":"page","link":"https:\/\/jaibabrava.com\/index.php\/sobre-nosotros\/","title":{"rendered":"Sobre Nosotros"},"content":{"rendered":"\t\t<div data-elementor-type=\"wp-page\" data-elementor-id=\"8\" class=\"elementor elementor-8\">\n\t\t\t\t\t\t<section class=\"elementor-section elementor-top-section elementor-element elementor-element-6858c092 elementor-section-height-min-height elementor-section-boxed elementor-section-height-default elementor-section-items-middle\" data-id=\"6858c092\" data-element_type=\"section\" data-e-type=\"section\" data-settings=\"{&quot;background_background&quot;:&quot;classic&quot;}\">\n\t\t\t\t\t\t\t<div class=\"elementor-background-overlay\"><\/div>\n\t\t\t\t\t\t\t<div class=\"elementor-container elementor-column-gap-default\">\n\t\t\t\t\t<div class=\"elementor-column elementor-col-100 elementor-top-column elementor-element elementor-element-192aafab\" data-id=\"192aafab\" data-element_type=\"column\" data-e-type=\"column\">\n\t\t\t<div class=\"elementor-widget-wrap elementor-element-populated\">\n\t\t\t\t\t\t<div class=\"elementor-element elementor-element-430d5228 animated-fast elementor-invisible elementor-widget elementor-widget-heading\" data-id=\"430d5228\" data-element_type=\"widget\" data-e-type=\"widget\" data-settings=\"{&quot;_animation&quot;:&quot;fadeInUp&quot;,&quot;_animation_delay&quot;:300}\" data-widget_type=\"heading.default\">\n\t\t\t\t<div class=\"elementor-widget-container\">\n\t\t\t\t\t<h3 class=\"elementor-heading-title elementor-size-default\">Conoce m\u00e1s <\/h3>\t\t\t\t<\/div>\n\t\t\t\t<\/div>\n\t\t\t\t<div class=\"elementor-element elementor-element-6cc8f769 animated-fast elementor-invisible elementor-widget elementor-widget-heading\" data-id=\"6cc8f769\" data-element_type=\"widget\" data-e-type=\"widget\" data-settings=\"{&quot;_animation&quot;:&quot;fadeInUp&quot;,&quot;_animation_delay&quot;:500}\" data-widget_type=\"heading.default\">\n\t\t\t\t<div class=\"elementor-widget-container\">\n\t\t\t\t\t<h2 class=\"elementor-heading-title elementor-size-default\">Sobre Nosotros<\/h2>\t\t\t\t<\/div>\n\t\t\t\t<\/div>\n\t\t\t\t<div class=\"elementor-element elementor-element-54ea900c envato-kit-140-material-button elementor-align-center elementor-invisible elementor-widget elementor-widget-button\" data-id=\"54ea900c\" data-element_type=\"widget\" data-e-type=\"widget\" data-settings=\"{&quot;_animation&quot;:&quot;fadeInUp&quot;,&quot;_animation_delay&quot;:900}\" data-widget_type=\"button.default\">\n\t\t\t\t<div class=\"elementor-widget-container\">\n\t\t\t\t\t\t\t\t\t<div class=\"elementor-button-wrapper\">\n\t\t\t\t\t<a class=\"elementor-button elementor-button-link elementor-size-md elementor-animation-push\" href=\"https:\/\/jaibabrava.com\/index.php\/cotiza\/\">\n\t\t\t\t\t\t<span class=\"elementor-button-content-wrapper\">\n\t\t\t\t\t\t<span class=\"elementor-button-icon\">\n\t\t\t\t<i aria-hidden=\"true\" class=\"fas fa-long-arrow-alt-right\"><\/i>\t\t\t<\/span>\n\t\t\t\t\t\t\t\t\t<span class=\"elementor-button-text\">Contacto<\/span>\n\t\t\t\t\t<\/span>\n\t\t\t\t\t<\/a>\n\t\t\t\t<\/div>\n\t\t\t\t\t\t\t\t<\/div>\n\t\t\t\t<\/div>\n\t\t\t\t\t<\/div>\n\t\t<\/div>\n\t\t\t\t\t<\/div>\n\t\t<\/section>\n\t\t\t\t<section class=\"elementor-section elementor-top-section elementor-element elementor-element-07c39a0 elementor-section-boxed elementor-section-height-default elementor-section-height-default\" data-id=\"07c39a0\" data-element_type=\"section\" data-e-type=\"section\" data-settings=\"{&quot;background_background&quot;:&quot;classic&quot;}\">\n\t\t\t\t\t\t<div class=\"elementor-container elementor-column-gap-default\">\n\t\t\t\t\t<div class=\"elementor-column elementor-col-100 elementor-top-column elementor-element elementor-element-9542311\" data-id=\"9542311\" data-element_type=\"column\" data-e-type=\"column\">\n\t\t\t<div class=\"elementor-widget-wrap elementor-element-populated\">\n\t\t\t\t\t\t<div class=\"elementor-element elementor-element-484493c elementor-widget elementor-widget-heading\" data-id=\"484493c\" data-element_type=\"widget\" data-e-type=\"widget\" data-widget_type=\"heading.default\">\n\t\t\t\t<div class=\"elementor-widget-container\">\n\t\t\t\t\t<h2 class=\"elementor-heading-title elementor-size-default\">M\u00c1S DE <\/h2>\t\t\t\t<\/div>\n\t\t\t\t<\/div>\n\t\t\t\t<div class=\"elementor-element elementor-element-3da1cf7 elementor-widget elementor-widget-premium-counter\" data-id=\"3da1cf7\" data-element_type=\"widget\" data-e-type=\"widget\" data-widget_type=\"premium-counter.default\">\n\t\t\t\t<div class=\"elementor-widget-container\">\n\t\t\t\t\t\n\t\t<div class=\"premium-counter premium-counter-area top\" data-duration=\"3000\" data-from-value=\"0\" data-to-value=\"1200000\" data-delimiter=\",\" data-rounding=\"0\">\n\t\t\t\n\t\t<div class=\"premium-counter-icon\">\n\n\t\t\t<span class=\"icon\" data-animation=\"\">\n\n\t\t\t\t\t\t\t\t\t<i class=\"premium-svg-nodraw premium-drawable-icon fas fa-box-open\" aria-hidden=\"true\"><\/i>\n\t\t\t\t\n\t\t\t<\/span>\n\t\t<\/div>\n\n\t\t\n\t\t<div class=\"premium-init-wrapper column\">\n\n\t\t\t<div class=\"premium-counter-value-wrap\">\n\t\t\t\t\n\t\t\t\t<span class=\"premium-counter-init\" id=\"counter-3da1cf7\">0<\/span>\n\n\t\t\t\t\t\t\t<\/div>\n\n\t\t\t\t\t\t\t<div class=\"premium-counter-title\">\n\t\t\t\t\t<p class=\"premium-counter-title-val\">\n\t\t\t\t\t\tDE ENV\u00cdOS ENTREGADOS CON \u00c9XITO\t\t\t\t\t<\/p>\n\t\t\t\t\t\t\t\t\t<\/div>\n\t\t\t\t\t<\/div>\n\n\t\t\t\t<\/div>\n\n\t\t\t\t\t\t<\/div>\n\t\t\t\t<\/div>\n\t\t\t\t\t<\/div>\n\t\t<\/div>\n\t\t\t\t\t<\/div>\n\t\t<\/section>\n\t\t\t\t<section class=\"elementor-section elementor-top-section elementor-element elementor-element-29e1eb2d elementor-section-content-middle elementor-section-boxed elementor-section-height-default elementor-section-height-default\" data-id=\"29e1eb2d\" data-element_type=\"section\" data-e-type=\"section\" data-settings=\"{&quot;background_background&quot;:&quot;video&quot;}\">\n\t\t\t\t\t\t\t<div class=\"elementor-background-overlay\"><\/div>\n\t\t\t\t\t\t\t<div class=\"elementor-container elementor-column-gap-no\">\n\t\t\t\t\t<div class=\"elementor-column elementor-col-100 elementor-top-column elementor-element elementor-element-331e3b67\" data-id=\"331e3b67\" data-element_type=\"column\" data-e-type=\"column\" data-settings=\"{&quot;background_background&quot;:&quot;classic&quot;}\">\n\t\t\t<div class=\"elementor-widget-wrap elementor-element-populated\">\n\t\t\t\t\t\t<section class=\"elementor-section elementor-inner-section elementor-element elementor-element-5e4add1 elementor-section-content-middle elementor-reverse-tablet elementor-section-boxed elementor-section-height-default elementor-section-height-default\" data-id=\"5e4add1\" data-element_type=\"section\" data-e-type=\"section\">\n\t\t\t\t\t\t<div class=\"elementor-container elementor-column-gap-wider\">\n\t\t\t\t\t<div class=\"elementor-column elementor-col-50 elementor-inner-column elementor-element elementor-element-6abd8147\" data-id=\"6abd8147\" data-element_type=\"column\" data-e-type=\"column\">\n\t\t\t<div class=\"elementor-widget-wrap elementor-element-populated\">\n\t\t\t\t\t\t<div class=\"elementor-element elementor-element-73b948cd elementor-widget elementor-widget-image\" data-id=\"73b948cd\" data-element_type=\"widget\" data-e-type=\"widget\" data-widget_type=\"image.default\">\n\t\t\t\t<div class=\"elementor-widget-container\">\n\t\t\t\t\t\t\t\t\t\t\t\t\t\t\t<img decoding=\"async\" src=\"https:\/\/jaibabrava.com\/wp-content\/uploads\/2021\/04\/ecommerce.jpg\" title=\"ecommerce\" alt=\"ecommerce\" loading=\"lazy\" \/>\t\t\t\t\t\t\t\t\t\t\t\t\t\t\t<\/div>\n\t\t\t\t<\/div>\n\t\t\t\t\t<\/div>\n\t\t<\/div>\n\t\t\t\t<div class=\"elementor-column elementor-col-50 elementor-inner-column elementor-element elementor-element-61ee38c6\" data-id=\"61ee38c6\" data-element_type=\"column\" data-e-type=\"column\">\n\t\t\t<div class=\"elementor-widget-wrap elementor-element-populated\">\n\t\t\t\t\t\t<div class=\"elementor-element elementor-element-194861a elementor-widget elementor-widget-heading\" data-id=\"194861a\" data-element_type=\"widget\" data-e-type=\"widget\" data-widget_type=\"heading.default\">\n\t\t\t\t<div class=\"elementor-widget-container\">\n\t\t\t\t\t<h4 class=\"elementor-heading-title elementor-size-default\">Comienzo<\/h4>\t\t\t\t<\/div>\n\t\t\t\t<\/div>\n\t\t\t\t<div class=\"elementor-element elementor-element-55a6690d elementor-widget-divider--view-line elementor-widget elementor-widget-divider\" data-id=\"55a6690d\" data-element_type=\"widget\" data-e-type=\"widget\" data-widget_type=\"divider.default\">\n\t\t\t\t<div class=\"elementor-widget-container\">\n\t\t\t\t\t\t\t<div class=\"elementor-divider\">\n\t\t\t<span class=\"elementor-divider-separator\">\n\t\t\t\t\t\t<\/span>\n\t\t<\/div>\n\t\t\t\t\t\t<\/div>\n\t\t\t\t<\/div>\n\t\t\t\t<div class=\"elementor-element elementor-element-fcf50de elementor-widget elementor-widget-heading\" data-id=\"fcf50de\" data-element_type=\"widget\" data-e-type=\"widget\" data-widget_type=\"heading.default\">\n\t\t\t\t<div class=\"elementor-widget-container\">\n\t\t\t\t\t<h6 class=\"elementor-heading-title elementor-size-default\">Since 2007<\/h6>\t\t\t\t<\/div>\n\t\t\t\t<\/div>\n\t\t\t\t<div class=\"elementor-element elementor-element-152ecb20 elementor-invisible elementor-widget elementor-widget-text-editor\" data-id=\"152ecb20\" data-element_type=\"widget\" data-e-type=\"widget\" data-settings=\"{&quot;_animation&quot;:&quot;fadeIn&quot;}\" data-widget_type=\"text-editor.default\">\n\t\t\t\t<div class=\"elementor-widget-container\">\n\t\t\t\t\t\t\t\t\t<p>Jaiba Brava LLC es un servicio de paqueter\u00eda que hace env\u00edos de Houston a cualquier parte de M\u00e9xico e inici\u00f3 sus operaciones en el a\u00f1o 2007 y abre su primer oficina en Airline en Octubre del 2010.\u00a0<\/p><p>En febrero del 2017 abre su segunda oficina en Hooper.<\/p>\t\t\t\t\t\t\t\t<\/div>\n\t\t\t\t<\/div>\n\t\t\t\t\t<\/div>\n\t\t<\/div>\n\t\t\t\t\t<\/div>\n\t\t<\/section>\n\t\t\t\t\t<\/div>\n\t\t<\/div>\n\t\t\t\t\t<\/div>\n\t\t<\/section>\n\t\t\t\t<\/div>\n\t\t","protected":false},"excerpt":{"rendered":"<p>Conoce m\u00e1s Sobre Nosotros Contacto M\u00c1S DE 0 DE ENV\u00cdOS ENTREGADOS CON \u00c9XITO Comienzo Since 2007 Jaiba Brava LLC es un servicio de paqueter\u00eda que hace env\u00edos de Houston a cualquier parte de M\u00e9xico e inici\u00f3 sus operaciones en el a\u00f1o 2007 y abre su primer oficina en Airline en Octubre del 2010.\u00a0 En febrero [&hellip;]<\/p>\n","protected":false},"author":1,"featured_media":0,"parent":0,"menu_order":0,"comment_status":"closed","ping_status":"closed","template":"elementor_canvas","meta":{"om_disable_all_campaigns":false,"_monsterinsights_skip_tracking":false,"_monsterinsights_sitenote_active":false,"_monsterinsights_sitenote_note":"","_monsterinsights_sitenote_category":0,"footnotes":""},"class_list":["post-8","page","type-page","status-publish","hentry"],"yoast_head":"<!-- This site is optimized with the Yoast SEO plugin v27.3 - https:\/\/yoast.com\/product\/yoast-seo-wordpress\/ -->\n<title>Sobre Nosotros - Jaiba Brava Paqueter\u00eda<\/title>\n<meta name=\"robots\" content=\"index, follow, max-snippet:-1, max-image-preview:large, max-video-preview:-1\" \/>\n<link rel=\"canonical\" href=\"https:\/\/jaibabrava.com\/index.php\/sobre-nosotros\/\" \/>\n<meta property=\"og:locale\" content=\"en_US\" \/>\n<meta property=\"og:type\" content=\"article\" \/>\n<meta property=\"og:title\" content=\"Sobre Nosotros - Jaiba Brava Paqueter\u00eda\" \/>\n<meta property=\"og:description\" content=\"Conoce m\u00e1s Sobre Nosotros Contacto M\u00c1S DE 0 DE ENV\u00cdOS ENTREGADOS CON \u00c9XITO Comienzo Since 2007 Jaiba Brava LLC es un servicio de paqueter\u00eda que hace env\u00edos de Houston a cualquier parte de M\u00e9xico e inici\u00f3 sus operaciones en el a\u00f1o 2007 y abre su primer oficina en Airline en Octubre del 2010.\u00a0 En febrero [&hellip;]\" \/>\n<meta property=\"og:url\" content=\"https:\/\/jaibabrava.com\/index.php\/sobre-nosotros\/\" \/>\n<meta property=\"og:site_name\" content=\"Jaiba Brava Paqueter\u00eda\" \/>\n<meta property=\"article:modified_time\" content=\"2021-04-16T20:28:29+00:00\" \/>\n<meta property=\"og:image\" content=\"http:\/\/jaibabrava.com\/wp-content\/uploads\/elementor\/thumbs\/ecommerce-p5dqujmyr72gwhzctdqiny27tvc8oh490olkj4bbiy.jpg\" \/>\n<meta name=\"twitter:card\" content=\"summary_large_image\" \/>\n<meta name=\"twitter:label1\" content=\"Est. reading time\" \/>\n\t<meta name=\"twitter:data1\" content=\"1 minute\" \/>\n<script type=\"application\/ld+json\" class=\"yoast-schema-graph\">{\"@context\":\"https:\\\/\\\/schema.org\",\"@graph\":[{\"@type\":\"WebPage\",\"@id\":\"https:\\\/\\\/jaibabrava.com\\\/index.php\\\/sobre-nosotros\\\/\",\"url\":\"https:\\\/\\\/jaibabrava.com\\\/index.php\\\/sobre-nosotros\\\/\",\"name\":\"Sobre Nosotros - Jaiba Brava Paqueter\u00eda\",\"isPartOf\":{\"@id\":\"https:\\\/\\\/jaibabrava.com\\\/#website\"},\"primaryImageOfPage\":{\"@id\":\"https:\\\/\\\/jaibabrava.com\\\/index.php\\\/sobre-nosotros\\\/#primaryimage\"},\"image\":{\"@id\":\"https:\\\/\\\/jaibabrava.com\\\/index.php\\\/sobre-nosotros\\\/#primaryimage\"},\"thumbnailUrl\":\"http:\\\/\\\/jaibabrava.com\\\/wp-content\\\/uploads\\\/elementor\\\/thumbs\\\/ecommerce-p5dqujmyr72gwhzctdqiny27tvc8oh490olkj4bbiy.jpg\",\"datePublished\":\"2021-04-01T03:21:24+00:00\",\"dateModified\":\"2021-04-16T20:28:29+00:00\",\"breadcrumb\":{\"@id\":\"https:\\\/\\\/jaibabrava.com\\\/index.php\\\/sobre-nosotros\\\/#breadcrumb\"},\"inLanguage\":\"en-US\",\"potentialAction\":[{\"@type\":\"ReadAction\",\"target\":[\"https:\\\/\\\/jaibabrava.com\\\/index.php\\\/sobre-nosotros\\\/\"]}]},{\"@type\":\"ImageObject\",\"inLanguage\":\"en-US\",\"@id\":\"https:\\\/\\\/jaibabrava.com\\\/index.php\\\/sobre-nosotros\\\/#primaryimage\",\"url\":\"http:\\\/\\\/jaibabrava.com\\\/wp-content\\\/uploads\\\/elementor\\\/thumbs\\\/ecommerce-p5dqujmyr72gwhzctdqiny27tvc8oh490olkj4bbiy.jpg\",\"contentUrl\":\"http:\\\/\\\/jaibabrava.com\\\/wp-content\\\/uploads\\\/elementor\\\/thumbs\\\/ecommerce-p5dqujmyr72gwhzctdqiny27tvc8oh490olkj4bbiy.jpg\"},{\"@type\":\"BreadcrumbList\",\"@id\":\"https:\\\/\\\/jaibabrava.com\\\/index.php\\\/sobre-nosotros\\\/#breadcrumb\",\"itemListElement\":[{\"@type\":\"ListItem\",\"position\":1,\"name\":\"Home\",\"item\":\"https:\\\/\\\/jaibabrava.com\\\/\"},{\"@type\":\"ListItem\",\"position\":2,\"name\":\"Sobre Nosotros\"}]},{\"@type\":\"WebSite\",\"@id\":\"https:\\\/\\\/jaibabrava.com\\\/#website\",\"url\":\"https:\\\/\\\/jaibabrava.com\\\/\",\"name\":\"Jaiba Brava Paqueter\u00eda\",\"description\":\"Entregamos paquetes de Estados Unidos a M\u00e9xico \",\"potentialAction\":[{\"@type\":\"SearchAction\",\"target\":{\"@type\":\"EntryPoint\",\"urlTemplate\":\"https:\\\/\\\/jaibabrava.com\\\/?s={search_term_string}\"},\"query-input\":{\"@type\":\"PropertyValueSpecification\",\"valueRequired\":true,\"valueName\":\"search_term_string\"}}],\"inLanguage\":\"en-US\"}]}<\/script>\n<!-- \/ Yoast SEO plugin. -->","yoast_head_json":{"title":"Sobre Nosotros - Jaiba Brava Paqueter\u00eda","robots":{"index":"index","follow":"follow","max-snippet":"max-snippet:-1","max-image-preview":"max-image-preview:large","max-video-preview":"max-video-preview:-1"},"canonical":"https:\/\/jaibabrava.com\/index.php\/sobre-nosotros\/","og_locale":"en_US","og_type":"article","og_title":"Sobre Nosotros - Jaiba Brava Paqueter\u00eda","og_description":"Conoce m\u00e1s Sobre Nosotros Contacto M\u00c1S DE 0 DE ENV\u00cdOS ENTREGADOS CON \u00c9XITO Comienzo Since 2007 Jaiba Brava LLC es un servicio de paqueter\u00eda que hace env\u00edos de Houston a cualquier parte de M\u00e9xico e inici\u00f3 sus operaciones en el a\u00f1o 2007 y abre su primer oficina en Airline en Octubre del 2010.\u00a0 En febrero [&hellip;]","og_url":"https:\/\/jaibabrava.com\/index.php\/sobre-nosotros\/","og_site_name":"Jaiba Brava Paqueter\u00eda","article_modified_time":"2021-04-16T20:28:29+00:00","og_image":[{"url":"http:\/\/jaibabrava.com\/wp-content\/uploads\/elementor\/thumbs\/ecommerce-p5dqujmyr72gwhzctdqiny27tvc8oh490olkj4bbiy.jpg","type":"","width":"","height":""}],"twitter_card":"summary_large_image","twitter_misc":{"Est. reading time":"1 minute"},"schema":{"@context":"https:\/\/schema.org","@graph":[{"@type":"WebPage","@id":"https:\/\/jaibabrava.com\/index.php\/sobre-nosotros\/","url":"https:\/\/jaibabrava.com\/index.php\/sobre-nosotros\/","name":"Sobre Nosotros - Jaiba Brava Paqueter\u00eda","isPartOf":{"@id":"https:\/\/jaibabrava.com\/#website"},"primaryImageOfPage":{"@id":"https:\/\/jaibabrava.com\/index.php\/sobre-nosotros\/#primaryimage"},"image":{"@id":"https:\/\/jaibabrava.com\/index.php\/sobre-nosotros\/#primaryimage"},"thumbnailUrl":"http:\/\/jaibabrava.com\/wp-content\/uploads\/elementor\/thumbs\/ecommerce-p5dqujmyr72gwhzctdqiny27tvc8oh490olkj4bbiy.jpg","datePublished":"2021-04-01T03:21:24+00:00","dateModified":"2021-04-16T20:28:29+00:00","breadcrumb":{"@id":"https:\/\/jaibabrava.com\/index.php\/sobre-nosotros\/#breadcrumb"},"inLanguage":"en-US","potentialAction":[{"@type":"ReadAction","target":["https:\/\/jaibabrava.com\/index.php\/sobre-nosotros\/"]}]},{"@type":"ImageObject","inLanguage":"en-US","@id":"https:\/\/jaibabrava.com\/index.php\/sobre-nosotros\/#primaryimage","url":"http:\/\/jaibabrava.com\/wp-content\/uploads\/elementor\/thumbs\/ecommerce-p5dqujmyr72gwhzctdqiny27tvc8oh490olkj4bbiy.jpg","contentUrl":"http:\/\/jaibabrava.com\/wp-content\/uploads\/elementor\/thumbs\/ecommerce-p5dqujmyr72gwhzctdqiny27tvc8oh490olkj4bbiy.jpg"},{"@type":"BreadcrumbList","@id":"https:\/\/jaibabrava.com\/index.php\/sobre-nosotros\/#breadcrumb","itemListElement":[{"@type":"ListItem","position":1,"name":"Home","item":"https:\/\/jaibabrava.com\/"},{"@type":"ListItem","position":2,"name":"Sobre Nosotros"}]},{"@type":"WebSite","@id":"https:\/\/jaibabrava.com\/#website","url":"https:\/\/jaibabrava.com\/","name":"Jaiba Brava Paqueter\u00eda","description":"Entregamos paquetes de Estados Unidos a M\u00e9xico ","potentialAction":[{"@type":"SearchAction","target":{"@type":"EntryPoint","urlTemplate":"https:\/\/jaibabrava.com\/?s={search_term_string}"},"query-input":{"@type":"PropertyValueSpecification","valueRequired":true,"valueName":"search_term_string"}}],"inLanguage":"en-US"}]}},"jetpack_sharing_enabled":true,"_links":{"self":[{"href":"https:\/\/jaibabrava.com\/index.php\/wp-json\/wp\/v2\/pages\/8","targetHints":{"allow":["GET"]}}],"collection":[{"href":"https:\/\/jaibabrava.com\/index.php\/wp-json\/wp\/v2\/pages"}],"about":[{"href":"https:\/\/jaibabrava.com\/index.php\/wp-json\/wp\/v2\/types\/page"}],"author":[{"embeddable":true,"href":"https:\/\/jaibabrava.com\/index.php\/wp-json\/wp\/v2\/users\/1"}],"replies":[{"embeddable":true,"href":"https:\/\/jaibabrava.com\/index.php\/wp-json\/wp\/v2\/comments?post=8"}],"version-history":[{"count":15,"href":"https:\/\/jaibabrava.com\/index.php\/wp-json\/wp\/v2\/pages\/8\/revisions"}],"predecessor-version":[{"id":237,"href":"https:\/\/jaibabrava.com\/index.php\/wp-json\/wp\/v2\/pages\/8\/revisions\/237"}],"wp:attachment":[{"href":"https:\/\/jaibabrava.com\/index.php\/wp-json\/wp\/v2\/media?parent=8"}],"curies":[{"name":"wp","href":"https:\/\/api.w.org\/{rel}","templated":true}]}}